{"id":273,"date":"2019-01-21T06:13:59","date_gmt":"2019-01-21T06:13:59","guid":{"rendered":"https:\/\/websitedemos.net\/outdoor-adventure-02\/?page_id=273"},"modified":"2019-07-30T14:21:31","modified_gmt":"2019-07-30T14:21:31","slug":"blog-2","status":"publish","type":"page","link":"https:\/\/itoilinks.com\/en\/blog-2\/","title":{"rendered":"Blog"},"content":{"rendered":"<section class=\"wp-block-uagb-section uagb-section__wrap uagb-section__background-image\" id=\"uagb-section-df9481a9-23e6-4b38-a422-fcc5a702bca9\"><div class=\"uagb-section__overlay\"><\/div><div class=\"uagb-section__inner-wrap\">\n<div class=\"wp-block-uagb-advanced-heading\" id=\"uagb-adv-heading-70badbf3-f6c5-4a6c-a751-01ea589b0fd7\"><h1 class=\"uagb-heading-text\">BLOG<\/h1><p class=\"uagb-desc-text\"><\/p><\/div>\n<\/div><\/section>\n\n\n\n<section class=\"wp-block-uagb-section uagb-section__wrap uagb-section__background-color\" id=\"uagb-section-91cabc1b-c220-4c6d-8ca1-91ac6b2c6761\"><div class=\"uagb-section__overlay\"><\/div><div class=\"uagb-section__inner-wrap\">\n\t\t\t<div class=\"wp-block-uagb-post-grid uagb-post-grid  uagb-post__image-position-background uagb-post__image-enabled uagb-block-7d27ffb8-a8db-4088-b903-dfa75edd3184     uagb-post__items uagb-post__columns-1 is-grid uagb-post__columns-tablet-1 uagb-post__columns-mobile-1 uagb-post__equal-height\" data-total=\"10\" style=\"\">\n\n\t\t\t\t\t\t\t\t\t\t\t\t<article class=\"uagb-post__inner-wrap\">\t\t\t\t\t\t\t\t<h4 class=\"uagb-post__title uagb-post__text\">\n\t\t\t\t<a href=\"https:\/\/itoilinks.com\/en\/2019\/07\/03\/ett-dubbelsidigt-visitkort-varfor-da\/\" target=\"_self\" rel=\"bookmark noopener noreferrer\">A GOALCARD gives RESULTS Faster!<\/a>\n\t\t\t<\/h4>\n\t\t\t\t\t\t<div class='uagb-post__text uagb-post-grid-byline'>\n\t\t\t\t\t\t\t\t<time datetime=\"2019-07-03T17:30:43+02:00\" class=\"uagb-post__date\">\n\t\t\t\t<span class=\"dashicons-calendar dashicons\"><\/span>\t\t\t\t\t3 July, 2019\t\t\t\t<\/time>\n\t\t\t\t\t\t\t<span class=\"uagb-post__comment\">\n\t\t\t\t<span class=\"dashicons-admin-comments dashicons\"><\/span>\t\t\t\t\tNo Comments\t\t\t\t<\/span>\n\t\t\t\t\t\t<\/div>\n\t\t\t\t\t\t\t<div class='uagb-post__text uagb-post__excerpt'>\n\t\t\t\t\t<p>Nu vill jag visa f\u00f6r dig hur baksidan p\u00e5 mitt visitkort ser ut! Jag har&#8230;\t\t\t\t<\/div>\n\t\t\t\t\t\t<div class=\"uagb-post__text uagb-post__cta wp-block-button\">\n\t\t\t\t<a class=\"wp-block-button__link uagb-text-link\" style=\"\" href=\"https:\/\/itoilinks.com\/en\/2019\/07\/03\/ett-dubbelsidigt-visitkort-varfor-da\/\" target=\"_self\" rel=\"bookmark noopener noreferrer\">Read More<\/a>\n\t\t\t<\/div>\n\t\t\t\t\t\t<div class='uagb-post__image'>\n\t\t\t\t\t\t\t\t\t<a href=\"https:\/\/itoilinks.com\/en\/2019\/07\/03\/ett-dubbelsidigt-visitkort-varfor-da\/\" target=\"_self\" rel=\"bookmark noopener noreferrer\"><img fetchpriority=\"high\" decoding=\"async\" width=\"1024\" height=\"665\" src=\"https:\/\/itoilinks.com\/wp-content\/uploads\/2019\/07\/IMG_1658-1024x665.jpg\" class=\"attachment-large size-large\" alt=\"\" srcset=\"https:\/\/itoilinks.com\/wp-content\/uploads\/2019\/07\/IMG_1658-1024x665.jpg 1024w, https:\/\/itoilinks.com\/wp-content\/uploads\/2019\/07\/IMG_1658-300x195.jpg 300w, https:\/\/itoilinks.com\/wp-content\/uploads\/2019\/07\/IMG_1658-768x498.jpg 768w\" sizes=\"(max-width: 1024px) 100vw, 1024px\" \/>\t\t\t\t\t<\/a>\n\t\t\t\t\t\t\t\t\t<\/div>\n\t\t\t\n\t\t\t\t\t\t\t\t\t<\/article>\n\t\t\t\t\t\t\t\t\t\t\t<\/div>\n\t\t\t<\/div><\/section>\n\n\n\n<section class=\"wp-block-uagb-section uagb-section__wrap uagb-section__background-color\" id=\"uagb-section-ca1a5fcb-e56f-4a24-aa9f-94fbfd3f5c31\"><div class=\"uagb-section__overlay\"><\/div><div class=\"uagb-section__inner-wrap\">\n\t\t\t<div class=\"wp-block-uagb-post-grid uagb-post-grid  uagb-post__image-position-background uagb-post__image-enabled uagb-block-fefd6b3c-498b-4292-ac6f-0f15809252ff     uagb-post__items uagb-post__columns-3 is-grid uagb-post__columns-tablet-2 uagb-post__columns-mobile-1 uagb-post__equal-height\" data-total=\"2\" style=\"\">\n\n\t\t\t\t\t\t\t\t\t\t\t\t<article class=\"uagb-post__inner-wrap\">\t\t\t\t\t\t\t\t<h4 class=\"uagb-post__title uagb-post__text\">\n\t\t\t\t<a href=\"https:\/\/itoilinks.com\/en\/2019\/07\/03\/ett-dubbelsidigt-visitkort-varfor-da\/\" target=\"_self\" rel=\"bookmark noopener noreferrer\">A GOALCARD gives RESULTS Faster!<\/a>\n\t\t\t<\/h4>\n\t\t\t\t\t\t<div class='uagb-post__text uagb-post-grid-byline'>\n\t\t\t\t\t\t\t\t<time datetime=\"2019-07-03T17:30:43+02:00\" class=\"uagb-post__date\">\n\t\t\t\t<span class=\"dashicons-calendar dashicons\"><\/span>\t\t\t\t\t3 July, 2019\t\t\t\t<\/time>\n\t\t\t\t\t\t<\/div>\n\t\t\t\t\t\t\t<div class='uagb-post__text uagb-post__excerpt'>\n\t\t\t\t\t<p>Nu vill jag visa f\u00f6r dig hur baksidan p\u00e5 mitt visitkort ser ut! Jag har&#8230;\t\t\t\t<\/div>\n\t\t\t\t\t\t<div class=\"uagb-post__text uagb-post__cta wp-block-button\">\n\t\t\t\t<a class=\"wp-block-button__link uagb-text-link\" style=\"\" href=\"https:\/\/itoilinks.com\/en\/2019\/07\/03\/ett-dubbelsidigt-visitkort-varfor-da\/\" target=\"_self\" rel=\"bookmark noopener noreferrer\">Read More<\/a>\n\t\t\t<\/div>\n\t\t\t\t\t\t<div class='uagb-post__image'>\n\t\t\t\t\t\t\t\t\t<a href=\"https:\/\/itoilinks.com\/en\/2019\/07\/03\/ett-dubbelsidigt-visitkort-varfor-da\/\" target=\"_self\" rel=\"bookmark noopener noreferrer\"><img fetchpriority=\"high\" decoding=\"async\" width=\"1024\" height=\"665\" src=\"https:\/\/itoilinks.com\/wp-content\/uploads\/2019\/07\/IMG_1658-1024x665.jpg\" class=\"attachment-large size-large\" alt=\"\" srcset=\"https:\/\/itoilinks.com\/wp-content\/uploads\/2019\/07\/IMG_1658-1024x665.jpg 1024w, https:\/\/itoilinks.com\/wp-content\/uploads\/2019\/07\/IMG_1658-300x195.jpg 300w, https:\/\/itoilinks.com\/wp-content\/uploads\/2019\/07\/IMG_1658-768x498.jpg 768w\" sizes=\"(max-width: 1024px) 100vw, 1024px\" \/>\t\t\t\t\t<\/a>\n\t\t\t\t\t\t\t\t\t<\/div>\n\t\t\t\n\t\t\t\t\t\t\t\t\t<\/article>\n\t\t\t\t\t\t\t\t\t\t\t\t\t\t\t\t<article class=\"uagb-post__inner-wrap\">\t\t\t\t\t\t\t\t<h4 class=\"uagb-post__title uagb-post__text\">\n\t\t\t\t<a href=\"https:\/\/itoilinks.com\/en\/2019\/06\/17\/kraften-och-potentialen-i-sjalvbild\/\" target=\"_self\" rel=\"bookmark noopener noreferrer\">The Power and Potential in Self Image<\/a>\n\t\t\t<\/h4>\n\t\t\t\t\t\t<div class='uagb-post__text uagb-post-grid-byline'>\n\t\t\t\t\t\t\t\t<time datetime=\"2019-06-17T14:47:41+02:00\" class=\"uagb-post__date\">\n\t\t\t\t<span class=\"dashicons-calendar dashicons\"><\/span>\t\t\t\t\t17 June, 2019\t\t\t\t<\/time>\n\t\t\t\t\t\t<\/div>\n\t\t\t\t\t\t\t<div class='uagb-post__text uagb-post__excerpt'>\n\t\t\t\t\t<p>V\u00e5r sj\u00e4lvbild kan s\u00e4gas vara vad vi t\u00e4nker om oss sj\u00e4lva, vilka vi \u00e4r, och&#8230;\t\t\t\t<\/div>\n\t\t\t\t\t\t<div class=\"uagb-post__text uagb-post__cta wp-block-button\">\n\t\t\t\t<a class=\"wp-block-button__link uagb-text-link\" style=\"\" href=\"https:\/\/itoilinks.com\/en\/2019\/06\/17\/kraften-och-potentialen-i-sjalvbild\/\" target=\"_self\" rel=\"bookmark noopener noreferrer\">Read More<\/a>\n\t\t\t<\/div>\n\t\t\t\t\t\t<div class='uagb-post__image'>\n\t\t\t\t\t\t\t\t\t<a href=\"https:\/\/itoilinks.com\/en\/2019\/06\/17\/kraften-och-potentialen-i-sjalvbild\/\" target=\"_self\" rel=\"bookmark noopener noreferrer\"><img decoding=\"async\" width=\"434\" height=\"299\" src=\"https:\/\/itoilinks.com\/wp-content\/uploads\/2019\/06\/selfimage.jpeg\" class=\"attachment-large size-large\" alt=\"\" srcset=\"https:\/\/itoilinks.com\/wp-content\/uploads\/2019\/06\/selfimage.jpeg 434w, https:\/\/itoilinks.com\/wp-content\/uploads\/2019\/06\/selfimage-300x207.jpeg 300w\" sizes=\"(max-width: 434px) 100vw, 434px\" \/>\t\t\t\t\t<\/a>\n\t\t\t\t\t\t\t\t\t<\/div>\n\t\t\t\n\t\t\t\t\t\t\t\t\t<\/article>\n\t\t\t\t\t\t\t\t\t\t\t\t\t\t\t\t<article class=\"uagb-post__inner-wrap\">\t\t\t\t\t\t\t\t<h4 class=\"uagb-post__title uagb-post__text\">\n\t\t\t\t<a href=\"https:\/\/itoilinks.com\/en\/2019\/05\/03\/fantasin-ger-verkligheten-form-yta-och-innehall-2\/\" target=\"_self\" rel=\"bookmark noopener noreferrer\">Imagination gives reality form, surface and content!<\/a>\n\t\t\t<\/h4>\n\t\t\t\t\t\t<div class='uagb-post__text uagb-post-grid-byline'>\n\t\t\t\t\t\t\t\t<time datetime=\"2019-05-03T10:09:40+02:00\" class=\"uagb-post__date\">\n\t\t\t\t<span class=\"dashicons-calendar dashicons\"><\/span>\t\t\t\t\t3 May, 2019\t\t\t\t<\/time>\n\t\t\t\t\t\t<\/div>\n\t\t\t\t\t\t\t<div class='uagb-post__text uagb-post__excerpt'>\n\t\t\t\t\t<p>Har du n\u00e5n g\u00e5ng t\u00e4nkt p\u00e5 vilken enorm kraft vi besitter med hj\u00e4lp av v\u00e5r&#8230;\t\t\t\t<\/div>\n\t\t\t\t\t\t<div class=\"uagb-post__text uagb-post__cta wp-block-button\">\n\t\t\t\t<a class=\"wp-block-button__link uagb-text-link\" style=\"\" href=\"https:\/\/itoilinks.com\/en\/2019\/05\/03\/fantasin-ger-verkligheten-form-yta-och-innehall-2\/\" target=\"_self\" rel=\"bookmark noopener noreferrer\">Read More<\/a>\n\t\t\t<\/div>\n\t\t\t\t\t\t<div class='uagb-post__image'>\n\t\t\t\t\t\t\t\t\t<a href=\"https:\/\/itoilinks.com\/en\/2019\/05\/03\/fantasin-ger-verkligheten-form-yta-och-innehall-2\/\" target=\"_self\" rel=\"bookmark noopener noreferrer\"><img decoding=\"async\" width=\"1024\" height=\"565\" src=\"https:\/\/itoilinks.com\/wp-content\/uploads\/2019\/07\/imagination-1024x565.jpeg\" class=\"attachment-large size-large\" alt=\"\" srcset=\"https:\/\/itoilinks.com\/wp-content\/uploads\/2019\/07\/imagination-1024x565.jpeg 1024w, https:\/\/itoilinks.com\/wp-content\/uploads\/2019\/07\/imagination-300x166.jpeg 300w, https:\/\/itoilinks.com\/wp-content\/uploads\/2019\/07\/imagination-768x424.jpeg 768w, https:\/\/itoilinks.com\/wp-content\/uploads\/2019\/07\/imagination.jpeg 1502w\" sizes=\"(max-width: 1024px) 100vw, 1024px\" \/>\t\t\t\t\t<\/a>\n\t\t\t\t\t\t\t\t\t<\/div>\n\t\t\t\n\t\t\t\t\t\t\t\t\t<\/article>\n\t\t\t\t\t\t\t\t\t\t\t\t\t\t\t\t<article class=\"uagb-post__inner-wrap\">\t\t\t\t\t\t\t\t<h4 class=\"uagb-post__title uagb-post__text\">\n\t\t\t\t<a href=\"https:\/\/itoilinks.com\/en\/2019\/04\/06\/nu-kor-vi\/\" target=\"_self\" rel=\"bookmark noopener noreferrer\">Cause and Effect, an image of exponential Growth.<\/a>\n\t\t\t<\/h4>\n\t\t\t\t\t\t<div class='uagb-post__text uagb-post-grid-byline'>\n\t\t\t\t\t\t\t\t<time datetime=\"2019-04-06T18:51:47+02:00\" class=\"uagb-post__date\">\n\t\t\t\t<span class=\"dashicons-calendar dashicons\"><\/span>\t\t\t\t\t6 April, 2019\t\t\t\t<\/time>\n\t\t\t\t\t\t<\/div>\n\t\t\t\t\t\t\t<div class='uagb-post__text uagb-post__excerpt'>\n\t\t\t\t\t<p>Compound and exponential growth. L\u00e5t denna exponentiella dominoeffekt vara en sinnebild f\u00f6r din egen tillv\u00e4xt&#8230;\t\t\t\t<\/div>\n\t\t\t\t\t\t<div class=\"uagb-post__text uagb-post__cta wp-block-button\">\n\t\t\t\t<a class=\"wp-block-button__link uagb-text-link\" style=\"\" href=\"https:\/\/itoilinks.com\/en\/2019\/04\/06\/nu-kor-vi\/\" target=\"_self\" rel=\"bookmark noopener noreferrer\">Read More<\/a>\n\t\t\t<\/div>\n\t\t\t\t\t\t<div class='uagb-post__image'>\n\t\t\t\t\t\t\t\t\t<a href=\"https:\/\/itoilinks.com\/en\/2019\/04\/06\/nu-kor-vi\/\" target=\"_self\" rel=\"bookmark noopener noreferrer\"><img loading=\"lazy\" decoding=\"async\" width=\"50\" height=\"50\" src=\"https:\/\/itoilinks.com\/wp-content\/uploads\/2018\/12\/neve-chart-up-1.png\" class=\"attachment-large size-large\" alt=\"\" \/>\t\t\t\t\t<\/a>\n\t\t\t\t\t\t\t\t\t<\/div>\n\t\t\t\n\t\t\t\t\t\t\t\t\t<\/article>\n\t\t\t\t\t\t\t\t\t\t\t\t\t\t\t\t<article class=\"uagb-post__inner-wrap\">\t\t\t\t\t\t\t\t<h4 class=\"uagb-post__title uagb-post__text\">\n\t\t\t\t<a href=\"https:\/\/itoilinks.com\/en\/2019\/01\/21\/awesome-place-to-feel-dolores-eos\/\" target=\"_self\" rel=\"bookmark noopener noreferrer\">Awesome Place To Feel Dolores Eos<\/a>\n\t\t\t<\/h4>\n\t\t\t\t\t\t<div class='uagb-post__text uagb-post-grid-byline'>\n\t\t\t\t\t\t\t\t<time datetime=\"2019-01-21T07:36:33+02:00\" class=\"uagb-post__date\">\n\t\t\t\t<span class=\"dashicons-calendar dashicons\"><\/span>\t\t\t\t\t21 January, 2019\t\t\t\t<\/time>\n\t\t\t\t\t\t<\/div>\n\t\t\t\t\t\t\t<div class='uagb-post__text uagb-post__excerpt'>\n\t\t\t\t\tFuerat aestu carentem habentia spectent tonitrua mutastis locavit liberioris. Sinistra possedit litora ut nabataeaque. Setucant&#8230;\t\t\t\t<\/div>\n\t\t\t\t\t\t<div class=\"uagb-post__text uagb-post__cta wp-block-button\">\n\t\t\t\t<a class=\"wp-block-button__link uagb-text-link\" style=\"\" href=\"https:\/\/itoilinks.com\/en\/2019\/01\/21\/awesome-place-to-feel-dolores-eos\/\" target=\"_self\" rel=\"bookmark noopener noreferrer\">Read More<\/a>\n\t\t\t<\/div>\n\t\t\t\t\t\t<div class='uagb-post__image'>\n\t\t\t\t\t\t\t<\/div>\n\t\t\t\n\t\t\t\t\t\t\t\t\t<\/article>\n\t\t\t\t\t\t\t\t\t\t\t\t\t\t\t\t<article class=\"uagb-post__inner-wrap\">\t\t\t\t\t\t\t\t<h4 class=\"uagb-post__title uagb-post__text\">\n\t\t\t\t<a href=\"https:\/\/itoilinks.com\/en\/2019\/01\/21\/top-10-adventure-places-to-experience-quasi-architecto\/\" target=\"_self\" rel=\"bookmark noopener noreferrer\">Top 10 Adventure Places To Experience Quasi Architecto<\/a>\n\t\t\t<\/h4>\n\t\t\t\t\t\t<div class='uagb-post__text uagb-post-grid-byline'>\n\t\t\t\t\t\t\t\t<time datetime=\"2019-01-21T07:29:36+02:00\" class=\"uagb-post__date\">\n\t\t\t\t<span class=\"dashicons-calendar dashicons\"><\/span>\t\t\t\t\t21 January, 2019\t\t\t\t<\/time>\n\t\t\t\t\t\t<\/div>\n\t\t\t\t\t\t\t<div class='uagb-post__text uagb-post__excerpt'>\n\t\t\t\t\tFuerat aestu carentem habentia spectent tonitrua mutastis locavit liberioris. Sinistra possedit litora ut nabataeaque. Setucant&#8230;\t\t\t\t<\/div>\n\t\t\t\t\t\t<div class=\"uagb-post__text uagb-post__cta wp-block-button\">\n\t\t\t\t<a class=\"wp-block-button__link uagb-text-link\" style=\"\" href=\"https:\/\/itoilinks.com\/en\/2019\/01\/21\/top-10-adventure-places-to-experience-quasi-architecto\/\" target=\"_self\" rel=\"bookmark noopener noreferrer\">Read More<\/a>\n\t\t\t<\/div>\n\t\t\t\t\t\t<div class='uagb-post__image'>\n\t\t\t\t\t\t\t\t\t<a href=\"https:\/\/itoilinks.com\/en\/2019\/01\/21\/top-10-adventure-places-to-experience-quasi-architecto\/\" target=\"_self\" rel=\"bookmark noopener noreferrer\"><img loading=\"lazy\" decoding=\"async\" width=\"1024\" height=\"576\" src=\"https:\/\/itoilinks.com\/wp-content\/uploads\/2019\/01\/blog-5-free-img-1024x576.jpg\" class=\"attachment-large size-large\" alt=\"\" srcset=\"https:\/\/itoilinks.com\/wp-content\/uploads\/2019\/01\/blog-5-free-img.jpg 1024w, https:\/\/itoilinks.com\/wp-content\/uploads\/2019\/01\/blog-5-free-img-300x169.jpg 300w, https:\/\/itoilinks.com\/wp-content\/uploads\/2019\/01\/blog-5-free-img-768x432.jpg 768w\" sizes=\"(max-width: 1024px) 100vw, 1024px\" \/>\t\t\t\t\t<\/a>\n\t\t\t\t\t\t\t\t\t<\/div>\n\t\t\t\n\t\t\t\t\t\t\t\t\t<\/article>\n\t\t\t\t\t\t\t\t\t\t\t<\/div>\n\t\t\t\n\n\n<p><\/p>\n<\/div><\/section>","protected":false},"excerpt":{"rendered":"","protected":false},"author":1,"featured_media":0,"parent":0,"menu_order":0,"comment_status":"closed","ping_status":"closed","template":"","meta":{"_uag_custom_page_level_css":"","footnotes":""},"class_list":["post-273","page","type-page","status-publish","hentry"],"uagb_featured_image_src":{"full":false,"thumbnail":false,"medium":false,"medium_large":false,"large":false,"1536x1536":false,"2048x2048":false,"trp-custom-language-flag":false},"uagb_author_info":{"display_name":"admin","author_link":"https:\/\/itoilinks.com\/en\/author\/admin\/"},"uagb_comment_info":0,"uagb_excerpt":null,"_links":{"self":[{"href":"https:\/\/itoilinks.com\/en\/wp-json\/wp\/v2\/pages\/273","targetHints":{"allow":["GET"]}}],"collection":[{"href":"https:\/\/itoilinks.com\/en\/wp-json\/wp\/v2\/pages"}],"about":[{"href":"https:\/\/itoilinks.com\/en\/wp-json\/wp\/v2\/types\/page"}],"author":[{"embeddable":true,"href":"https:\/\/itoilinks.com\/en\/wp-json\/wp\/v2\/users\/1"}],"replies":[{"embeddable":true,"href":"https:\/\/itoilinks.com\/en\/wp-json\/wp\/v2\/comments?post=273"}],"version-history":[{"count":2,"href":"https:\/\/itoilinks.com\/en\/wp-json\/wp\/v2\/pages\/273\/revisions"}],"predecessor-version":[{"id":2508,"href":"https:\/\/itoilinks.com\/en\/wp-json\/wp\/v2\/pages\/273\/revisions\/2508"}],"wp:attachment":[{"href":"https:\/\/itoilinks.com\/en\/wp-json\/wp\/v2\/media?parent=273"}],"curies":[{"name":"wp","href":"https:\/\/api.w.org\/{rel}","templated":true}]}}