{"id":2917,"date":"2020-05-15T11:15:33","date_gmt":"2020-05-15T09:15:33","guid":{"rendered":"https:\/\/itoilinks.com\/?page_id=2917"},"modified":"2020-05-15T13:05:22","modified_gmt":"2020-05-15T11:05:22","slug":"kopvillkor","status":"publish","type":"page","link":"https:\/\/itoilinks.com\/en\/kopvillkor\/","title":{"rendered":"Purschase Terms for programs and coaching:"},"content":{"rendered":"<div data-elementor-type=\"wp-page\" data-elementor-id=\"2917\" class=\"elementor elementor-2917\">\n\t\t\t\t\t\t<section class=\"elementor-section elementor-top-section elementor-element elementor-element-0c95b86 elementor-section-boxed elementor-section-height-default elementor-section-height-default\" data-id=\"0c95b86\" data-element_type=\"section\" data-e-type=\"section\">\n\t\t\t\t\t\t<div class=\"elementor-container elementor-column-gap-default\">\n\t\t\t\t\t<div class=\"elementor-column elementor-col-100 elementor-top-column elementor-element elementor-element-ce1a3b8\" data-id=\"ce1a3b8\" data-element_type=\"column\" data-e-type=\"column\">\n\t\t\t<div class=\"elementor-widget-wrap elementor-element-populated\">\n\t\t\t\t\t\t<div class=\"elementor-element elementor-element-0ab4ab9 elementor-widget elementor-widget-image\" data-id=\"0ab4ab9\" data-element_type=\"widget\" data-e-type=\"widget\" data-widget_type=\"image.default\">\n\t\t\t\t<div class=\"elementor-widget-container\">\n\t\t\t\t\t\t\t\t\t\t\t\t\t\t\t<img fetchpriority=\"high\" decoding=\"async\" width=\"471\" height=\"224\" src=\"https:\/\/itoilinks.com\/wp-content\/uploads\/2019\/03\/SGR-affiliate-icon.jpg\" class=\"attachment-large size-large wp-image-675\" alt=\"\" srcset=\"https:\/\/itoilinks.com\/wp-content\/uploads\/2019\/03\/SGR-affiliate-icon.jpg 471w, https:\/\/itoilinks.com\/wp-content\/uploads\/2019\/03\/SGR-affiliate-icon-300x143.jpg 300w\" sizes=\"(max-width: 471px) 100vw, 471px\" \/>\t\t\t\t\t\t\t\t\t\t\t\t\t\t\t<\/div>\n\t\t\t\t<\/div>\n\t\t\t\t\t<\/div>\n\t\t<\/div>\n\t\t\t\t\t<\/div>\n\t\t<\/section>\n\t\t\t\t<section class=\"elementor-section elementor-top-section elementor-element elementor-element-429c075 elementor-section-boxed elementor-section-height-default elementor-section-height-default\" data-id=\"429c075\" data-element_type=\"section\" data-e-type=\"section\">\n\t\t\t\t\t\t<div class=\"elementor-container elementor-column-gap-default\">\n\t\t\t\t\t<div class=\"elementor-column elementor-col-100 elementor-top-column elementor-element elementor-element-c61a01a\" data-id=\"c61a01a\" data-element_type=\"column\" data-e-type=\"column\">\n\t\t\t<div class=\"elementor-widget-wrap elementor-element-populated\">\n\t\t\t\t\t\t<div class=\"elementor-element elementor-element-df7ddd0 elementor-widget elementor-widget-text-editor\" data-id=\"df7ddd0\" data-element_type=\"widget\" data-e-type=\"widget\" data-widget_type=\"text-editor.default\">\n\t\t\t\t<div class=\"elementor-widget-container\">\n\t\t\t\t\t\t\t\t\t<p><\/p>\n<p>The sel study programs are sold under the terms of Proctor Gallagher Institute:<\/p>\n<p><a href=\"https:\/\/www.proctorgallagherinstitute.com\/online-purchase-terms\">https:\/\/www.proctorgallagherinstitute.com\/online-purchase-terms<\/a><\/p>\n<p>\u00a0<\/p>\n<p><\/p>\n<p><\/p>\n<p><\/p>\n<p><\/p>\n<p><\/p>\t\t\t\t\t\t\t\t<\/div>\n\t\t\t\t<\/div>\n\t\t\t\t\t<\/div>\n\t\t<\/div>\n\t\t\t\t\t<\/div>\n\t\t<\/section>\n\t\t\t\t<section class=\"elementor-section elementor-top-section elementor-element elementor-element-59049da elementor-section-boxed elementor-section-height-default elementor-section-height-default\" data-id=\"59049da\" data-element_type=\"section\" data-e-type=\"section\">\n\t\t\t\t\t\t<div class=\"elementor-container elementor-column-gap-default\">\n\t\t\t\t\t<div class=\"elementor-column elementor-col-100 elementor-top-column elementor-element elementor-element-b4b6777\" data-id=\"b4b6777\" data-element_type=\"column\" data-e-type=\"column\">\n\t\t\t<div class=\"elementor-widget-wrap elementor-element-populated\">\n\t\t\t\t\t\t<div class=\"elementor-element elementor-element-3c1c094 elementor-widget elementor-widget-image\" data-id=\"3c1c094\" data-element_type=\"widget\" data-e-type=\"widget\" data-widget_type=\"image.default\">\n\t\t\t\t<div class=\"elementor-widget-container\">\n\t\t\t\t\t\t\t\t\t\t\t\t\t\t\t<img decoding=\"async\" width=\"610\" height=\"147\" src=\"https:\/\/itoilinks.com\/wp-content\/uploads\/2019\/03\/thinking-into-results-logo-copy.png\" class=\"attachment-large size-large wp-image-685\" alt=\"\" srcset=\"https:\/\/itoilinks.com\/wp-content\/uploads\/2019\/03\/thinking-into-results-logo-copy.png 610w, https:\/\/itoilinks.com\/wp-content\/uploads\/2019\/03\/thinking-into-results-logo-copy-300x72.png 300w\" sizes=\"(max-width: 610px) 100vw, 610px\" \/>\t\t\t\t\t\t\t\t\t\t\t\t\t\t\t<\/div>\n\t\t\t\t<\/div>\n\t\t\t\t\t<\/div>\n\t\t<\/div>\n\t\t\t\t\t<\/div>\n\t\t<\/section>\n\t\t\t\t<section class=\"elementor-section elementor-top-section elementor-element elementor-element-cde74ab elementor-section-boxed elementor-section-height-default elementor-section-height-default\" data-id=\"cde74ab\" data-element_type=\"section\" data-e-type=\"section\">\n\t\t\t\t\t\t<div class=\"elementor-container elementor-column-gap-default\">\n\t\t\t\t\t<div class=\"elementor-column elementor-col-33 elementor-top-column elementor-element elementor-element-74e5225\" data-id=\"74e5225\" data-element_type=\"column\" data-e-type=\"column\">\n\t\t\t<div class=\"elementor-widget-wrap elementor-element-populated\">\n\t\t\t\t\t\t<div class=\"elementor-element elementor-element-418e4b6 elementor-widget elementor-widget-image\" data-id=\"418e4b6\" data-element_type=\"widget\" data-e-type=\"widget\" data-widget_type=\"image.default\">\n\t\t\t\t<div class=\"elementor-widget-container\">\n\t\t\t\t\t\t\t\t\t\t\t\t\t\t\t<img decoding=\"async\" width=\"288\" height=\"288\" src=\"https:\/\/itoilinks.com\/wp-content\/uploads\/2019\/08\/bob-and-sandy.jpg\" class=\"attachment-large size-large wp-image-1445\" alt=\"\" srcset=\"https:\/\/itoilinks.com\/wp-content\/uploads\/2019\/08\/bob-and-sandy.jpg 288w, https:\/\/itoilinks.com\/wp-content\/uploads\/2019\/08\/bob-and-sandy-150x150.jpg 150w\" sizes=\"(max-width: 288px) 100vw, 288px\" \/>\t\t\t\t\t\t\t\t\t\t\t\t\t\t\t<\/div>\n\t\t\t\t<\/div>\n\t\t\t\t\t<\/div>\n\t\t<\/div>\n\t\t\t\t<div class=\"elementor-column elementor-col-33 elementor-top-column elementor-element elementor-element-6c8e354\" data-id=\"6c8e354\" data-element_type=\"column\" data-e-type=\"column\">\n\t\t\t<div class=\"elementor-widget-wrap elementor-element-populated\">\n\t\t\t\t\t\t<div class=\"elementor-element elementor-element-29195b8 elementor-widget elementor-widget-image\" data-id=\"29195b8\" data-element_type=\"widget\" data-e-type=\"widget\" data-widget_type=\"image.default\">\n\t\t\t\t<div class=\"elementor-widget-container\">\n\t\t\t\t\t\t\t\t\t\t\t\t\t\t\t<img loading=\"lazy\" decoding=\"async\" width=\"1024\" height=\"1024\" src=\"https:\/\/itoilinks.com\/wp-content\/uploads\/2019\/08\/IMG_2032-1024x1024.jpg\" class=\"attachment-large size-large wp-image-1451\" alt=\"\" srcset=\"https:\/\/itoilinks.com\/wp-content\/uploads\/2019\/08\/IMG_2032-1024x1024.jpg 1024w, https:\/\/itoilinks.com\/wp-content\/uploads\/2019\/08\/IMG_2032-150x150.jpg 150w, https:\/\/itoilinks.com\/wp-content\/uploads\/2019\/08\/IMG_2032-300x300.jpg 300w, https:\/\/itoilinks.com\/wp-content\/uploads\/2019\/08\/IMG_2032-768x768.jpg 768w\" sizes=\"(max-width: 1024px) 100vw, 1024px\" \/>\t\t\t\t\t\t\t\t\t\t\t\t\t\t\t<\/div>\n\t\t\t\t<\/div>\n\t\t\t\t\t<\/div>\n\t\t<\/div>\n\t\t\t\t<div class=\"elementor-column elementor-col-33 elementor-top-column elementor-element elementor-element-3ee9350\" data-id=\"3ee9350\" data-element_type=\"column\" data-e-type=\"column\">\n\t\t\t<div class=\"elementor-widget-wrap elementor-element-populated\">\n\t\t\t\t\t\t<div class=\"elementor-element elementor-element-292e96c elementor-widget elementor-widget-image\" data-id=\"292e96c\" data-element_type=\"widget\" data-e-type=\"widget\" data-widget_type=\"image.default\">\n\t\t\t\t<div class=\"elementor-widget-container\">\n\t\t\t\t\t\t\t\t\t\t\t\t\t\t\t<img loading=\"lazy\" decoding=\"async\" width=\"1024\" height=\"1024\" src=\"https:\/\/itoilinks.com\/wp-content\/uploads\/2020\/05\/Snapseed-1024x1024.jpg\" class=\"attachment-large size-large wp-image-2924\" alt=\"\" srcset=\"https:\/\/itoilinks.com\/wp-content\/uploads\/2020\/05\/Snapseed-1024x1024.jpg 1024w, https:\/\/itoilinks.com\/wp-content\/uploads\/2020\/05\/Snapseed-150x150.jpg 150w, https:\/\/itoilinks.com\/wp-content\/uploads\/2020\/05\/Snapseed-300x300.jpg 300w, https:\/\/itoilinks.com\/wp-content\/uploads\/2020\/05\/Snapseed-768x768.jpg 768w, https:\/\/itoilinks.com\/wp-content\/uploads\/2020\/05\/Snapseed.jpg 2024w\" sizes=\"(max-width: 1024px) 100vw, 1024px\" \/>\t\t\t\t\t\t\t\t\t\t\t\t\t\t\t<\/div>\n\t\t\t\t<\/div>\n\t\t\t\t\t<\/div>\n\t\t<\/div>\n\t\t\t\t\t<\/div>\n\t\t<\/section>\n\t\t\t\t<section class=\"elementor-section elementor-top-section elementor-element elementor-element-5ff647d elementor-section-boxed elementor-section-height-default elementor-section-height-default\" data-id=\"5ff647d\" data-element_type=\"section\" data-e-type=\"section\">\n\t\t\t\t\t\t<div class=\"elementor-container elementor-column-gap-default\">\n\t\t\t\t\t<div class=\"elementor-column elementor-col-100 elementor-top-column elementor-element elementor-element-8bfdaf0\" data-id=\"8bfdaf0\" data-element_type=\"column\" data-e-type=\"column\">\n\t\t\t<div class=\"elementor-widget-wrap elementor-element-populated\">\n\t\t\t\t\t\t<div class=\"elementor-element elementor-element-8590cef elementor-widget elementor-widget-text-editor\" data-id=\"8590cef\" data-element_type=\"widget\" data-e-type=\"widget\" data-widget_type=\"text-editor.default\">\n\t\t\t\t<div class=\"elementor-widget-container\">\n\t\t\t\t\t\t\t\t\t<p><\/p>\n<p>The price on the coaching together with the program \"Thinking into Results\", also from Proctor Gallagher Institute, varies with needs and from what is agreed. Contact me for more information.&nbsp;<\/p>\n<p>30 day money back guarantee-<\/p>\n<p>Delivery: As soon I can see the money I will activate you and you\u00b4ll get access to the videos and learning portal through a password. There you will find instructions and a 200 pages workbook in pdf format. If you want a physical book that can be arranged.<\/p><p>If payment is delayed the portal will be blocked until the money comes in.<\/p>\n<p>Payment to bank in Sweden, Paypal or creditcard (Payson).<\/p>\n<p><\/p>\n<p><\/p>\n<p><\/p>\n<p><\/p>\n<p><\/p>\n<p><\/p>\t\t\t\t\t\t\t\t<\/div>\n\t\t\t\t<\/div>\n\t\t\t\t\t<\/div>\n\t\t<\/div>\n\t\t\t\t\t<\/div>\n\t\t<\/section>\n\t\t\t\t<\/div>","protected":false},"excerpt":{"rendered":"<p>Sj\u00e4lvstudieprogrammen s\u00e4ljs enligt Proctor Gallaghers Institutes villkor: https:\/\/www.proctorgallagherinstitute.com\/online-purchase-terms \u00a0 Priserna p\u00e5 coaching tillsammans med programmet &#8221;Thinking into Results&#8221;, ocks\u00e5 det fr\u00e5n Proctor Gallagher Institute, varierar efter behov och enligt \u00f6verrenskommelse. Ta kontakt med mig f\u00f6r mer information. Pris \u00e4r exklusive moms p\u00e5 25%.&nbsp; \u00d6ppet k\u00f6p i 30 dagar. Pengarna tillbaka. Leverans: S\u00e5 fort pengarna kommit &hellip;<\/p>\n<p class=\"read-more\"> <a class=\"\" href=\"https:\/\/itoilinks.com\/en\/kopvillkor\/\"> <span class=\"screen-reader-text\">Purschase Terms for programs and coaching:<\/span> Read More &raquo;<\/a><\/p>","protected":false},"author":1,"featured_media":0,"parent":0,"menu_order":0,"comment_status":"closed","ping_status":"closed","template":"","meta":{"_uag_custom_page_level_css":"","footnotes":""},"class_list":["post-2917","page","type-page","status-publish","hentry"],"uagb_featured_image_src":{"full":false,"thumbnail":false,"medium":false,"medium_large":false,"large":false,"1536x1536":false,"2048x2048":false,"trp-custom-language-flag":false},"uagb_author_info":{"display_name":"admin","author_link":"https:\/\/itoilinks.com\/en\/author\/admin\/"},"uagb_comment_info":0,"uagb_excerpt":"Sj\u00e4lvstudieprogrammen s\u00e4ljs enligt Proctor Gallaghers Institutes villkor: https:\/\/www.proctorgallagherinstitute.com\/online-purchase-terms \u00a0 Priserna p\u00e5 coaching tillsammans med programmet &#8221;Thinking into Results&#8221;, ocks\u00e5 det fr\u00e5n Proctor Gallagher Institute, varierar efter behov och enligt \u00f6verrenskommelse. Ta kontakt med mig f\u00f6r mer information. Pris \u00e4r exklusive moms p\u00e5 25%.&nbsp; \u00d6ppet k\u00f6p i 30 dagar. Pengarna tillbaka. Leverans: S\u00e5 fort pengarna kommit&hellip;","_links":{"self":[{"href":"https:\/\/itoilinks.com\/en\/wp-json\/wp\/v2\/pages\/2917","targetHints":{"allow":["GET"]}}],"collection":[{"href":"https:\/\/itoilinks.com\/en\/wp-json\/wp\/v2\/pages"}],"about":[{"href":"https:\/\/itoilinks.com\/en\/wp-json\/wp\/v2\/types\/page"}],"author":[{"embeddable":true,"href":"https:\/\/itoilinks.com\/en\/wp-json\/wp\/v2\/users\/1"}],"replies":[{"embeddable":true,"href":"https:\/\/itoilinks.com\/en\/wp-json\/wp\/v2\/comments?post=2917"}],"version-history":[{"count":8,"href":"https:\/\/itoilinks.com\/en\/wp-json\/wp\/v2\/pages\/2917\/revisions"}],"predecessor-version":[{"id":2932,"href":"https:\/\/itoilinks.com\/en\/wp-json\/wp\/v2\/pages\/2917\/revisions\/2932"}],"wp:attachment":[{"href":"https:\/\/itoilinks.com\/en\/wp-json\/wp\/v2\/media?parent=2917"}],"curies":[{"name":"wp","href":"https:\/\/api.w.org\/{rel}","templated":true}]}}